{"id":4911,"date":"2024-04-23T15:07:26","date_gmt":"2024-04-23T13:07:26","guid":{"rendered":"https:\/\/vscr.at\/?page_id=4911"},"modified":"2024-04-23T15:09:00","modified_gmt":"2024-04-23T13:09:00","slug":"questionnaire-programme-de-diplome-vscr-en-economie-de-la-santee-et-recherche-de-resultats-en-sante-heor-pour-lafrique-subsaharienne-module-en-ligne-2","status":"publish","type":"page","link":"https:\/\/vscr.at\/en\/questionnaire-programme-de-diplome-vscr-en-economie-de-la-santee-et-recherche-de-resultats-en-sante-heor-pour-lafrique-subsaharienne-module-en-ligne-2\/","title":{"rendered":"Questionnaire &#8211; Programme de dipl\u00f4me VSCR en \u00e9conomie de la sant\u00e9e et recherche de resultats en sant\u00e9 (\u201eHEOR\u201c) pour l\u2019Afrique subsaharienne MODULE EN LIGNE 2"},"content":{"rendered":"<p><strong>MODULE EN LIGNE 2 Principes de l\u2019\u00e9conomie de la sant\u00e9, soins de sant\u00e9 bas\u00e9s sur la valeur et instruments financiers de base<\/strong><\/p>\n<p>Depuis sa cr\u00e9ation en tant que Centre d&#8217;excellence (CoE) pour la recherche clinique et pour l&#8217;\u00e9conomie de la sant\u00e9, VSCR remplit tous les crit\u00e8res scientifiques et \u00e9thiques de qualit\u00e9 pour une formation postuniversitaire accr\u00e9dit\u00e9e acad\u00e9miquement.<\/p>\n<p>Pour VSCR, un contr\u00f4le qualit\u00e9 obligatoire et continu est d\u2019une importance cruciale. C&#8217;est pourquoi toutes les formations postuniversitaires sont soumises \u00e0 un contr\u00f4le de qualit\u00e9 qui doit \u00eatre effectu\u00e9 par les participants.<\/p>\n<p>Nous vous demandons de r\u00e9pondre aux questions ci-dessous pour v\u00e9rifier la qualit\u00e9 du transfert de connaissances.<\/p>\n<p>L'enqu\u00eate est d\u00e9j\u00e0 termin\u00e9e.<\/p>\n<p><strong>Nous tenons \u00e0 vous remercier pour votre participation afin d&#8217;\u00e9valuer la qualit\u00e9 de la formation et de l&#8217;am\u00e9liorer si n\u00e9cessaire.<\/strong><\/p>\n","protected":false},"excerpt":{"rendered":"<p>MODULE EN LIGNE 2 Principes de l\u2019\u00e9conomie de la sant\u00e9, soins de sant\u00e9 bas\u00e9s sur la valeur et instruments financiers de base Depuis sa cr\u00e9ation en tant que Centre d&#8217;excellence (CoE) pour la recherche clinique et pour l&#8217;\u00e9conomie de la sant\u00e9, VSCR remplit tous les crit\u00e8res scientifiques et \u00e9thiques de qualit\u00e9 pour une formation postuniversitaire<a class=\"excerpt-read-more\" href=\"https:\/\/vscr.at\/en\/questionnaire-programme-de-diplome-vscr-en-economie-de-la-santee-et-recherche-de-resultats-en-sante-heor-pour-lafrique-subsaharienne-module-en-ligne-2\/\" title=\"ReadQuestionnaire &#8211; Programme de dipl\u00f4me VSCR en \u00e9conomie de la sant\u00e9e et recherche de resultats en sant\u00e9 (\u201eHEOR\u201c) pour l\u2019Afrique subsaharienne MODULE EN LIGNE 2\">&#8230; Read more &raquo;<\/a><\/p>\n","protected":false},"author":6,"featured_media":0,"parent":0,"menu_order":0,"comment_status":"closed","ping_status":"closed","template":"","meta":{"_acf_changed":false,"footnotes":""},"class_list":["post-4911","page","type-page","status-publish","hentry"],"acf":[],"_links":{"self":[{"href":"https:\/\/vscr.at\/en\/wp-json\/wp\/v2\/pages\/4911","targetHints":{"allow":["GET"]}}],"collection":[{"href":"https:\/\/vscr.at\/en\/wp-json\/wp\/v2\/pages"}],"about":[{"href":"https:\/\/vscr.at\/en\/wp-json\/wp\/v2\/types\/page"}],"author":[{"embeddable":true,"href":"https:\/\/vscr.at\/en\/wp-json\/wp\/v2\/users\/6"}],"replies":[{"embeddable":true,"href":"https:\/\/vscr.at\/en\/wp-json\/wp\/v2\/comments?post=4911"}],"version-history":[{"count":4,"href":"https:\/\/vscr.at\/en\/wp-json\/wp\/v2\/pages\/4911\/revisions"}],"predecessor-version":[{"id":4915,"href":"https:\/\/vscr.at\/en\/wp-json\/wp\/v2\/pages\/4911\/revisions\/4915"}],"wp:attachment":[{"href":"https:\/\/vscr.at\/en\/wp-json\/wp\/v2\/media?parent=4911"}],"curies":[{"name":"wp","href":"https:\/\/api.w.org\/{rel}","templated":true}]}}