{"id":4734,"date":"2023-12-04T11:32:22","date_gmt":"2023-12-04T10:32:22","guid":{"rendered":"https:\/\/vscr.at\/public-health\/inscription-subsahara\/"},"modified":"2023-12-05T15:18:24","modified_gmt":"2023-12-05T14:18:24","slug":"inscription-subsahara","status":"publish","type":"page","link":"https:\/\/vscr.at\/en\/public-health\/inscription-subsahara\/","title":{"rendered":"Inscription au MODULE I-VII"},"content":{"rendered":"<h2>Programme de dipl\u00f4me VSCR en \u00e9conomie de la sant\u00e9e et recherche de resultats en sant\u00e9 (\u201eHEOR\u201c) pour l\u2019Afrique subsaharienne<\/h2>\n<p><strong>Professeur:<\/strong> Lieven Annemans, Universit\u00e9 de Gand, Belgique<br \/>\n<strong>Plateforme:<\/strong> ZOOM <em>(Le lien sera fourni une semaine avant la formation)<\/em><\/p>\n<p><a href=\"https:\/\/vscr.at\/en\/public-health\/registration-subsahara\/\">Registration in english \u00bb<\/a><\/p>\n\n                <div class='gf_browser_gecko gform_wrapper' id='gform_wrapper_91' style='display:none'><form method='post' enctype='multipart\/form-data'  id='gform_91'  action='\/en\/wp-json\/wp\/v2\/pages\/4734'>\n                        <div class='gform_heading'>\n                            <h3 class='gform_title'>Formulaire d'inscription au MODULE I-VII<\/h3>\n                            <span class='gform_description'><\/span>\n                        <\/div>\n                        <div class='gform_body'><ul id='gform_fields_91' class='gform_fields left_label form_sublabel_below description_below'><li id='field_91_13' class='gfield gfield_contains_required field_sublabel_below field_description_below gfield_visibility_visible' ><label class='gfield_label'  >Genre<span class='gfield_required'>*<\/span><\/label><div class='ginput_container ginput_container_radio'><ul class='gfield_radio' id='input_91_13'><li class='gchoice_91_13_0'><input name='input_13' type='radio' value='Homme'  id='choice_91_13_0' tabindex='1'    \/><label for='choice_91_13_0' id='label_91_13_0'>Homme<\/label><\/li><li class='gchoice_91_13_1'><input name='input_13' type='radio' value='Femme'  id='choice_91_13_1' tabindex='2'    \/><label for='choice_91_13_1' id='label_91_13_1'>Femme<\/label><\/li><\/ul><\/div><\/li><li id='field_91_1' class='gfield gfield_contains_required field_sublabel_below field_description_below gfield_visibility_visible' ><label class='gfield_label' for='input_91_1' >Nom de famille<span class='gfield_required'>*<\/span><\/label><div class='ginput_container ginput_container_text'><input name='input_1' id='input_91_1' type='text' value='' class='medium'  tabindex='3'   aria-required=\"true\" aria-invalid=\"false\" \/><\/div><\/li><li id='field_91_2' class='gfield gfield_contains_required field_sublabel_below field_description_below gfield_visibility_visible' ><label class='gfield_label' for='input_91_2' >Pr\u00e9nom<span class='gfield_required'>*<\/span><\/label><div class='ginput_container ginput_container_text'><input name='input_2' id='input_91_2' type='text' value='' class='medium'  tabindex='4'   aria-required=\"true\" aria-invalid=\"false\" \/><\/div><\/li><li id='field_91_4' class='gfield gfield_contains_required field_sublabel_below field_description_below gfield_visibility_visible' ><label class='gfield_label' for='input_91_4' >Date de naissance<span class='gfield_required'>*<\/span><\/label><div class='ginput_container ginput_container_date'>\n                            <input name='input_4' id='input_91_4' type='text' value='' class='datepicker medium dmy_dot datepicker_no_icon' tabindex='5'  \/>\n                        <\/div>\n                        <input type='hidden' id='gforms_calendar_icon_input_91_4' class='gform_hidden' value='https:\/\/vscr.at\/wp-content\/plugins\/gravityforms\/images\/calendar.png'\/><\/li><li id='field_91_5' class='gfield gfield_contains_required field_sublabel_below field_description_below gfield_visibility_visible' ><label class='gfield_label' for='input_91_5' >E-mail<span class='gfield_required'>*<\/span><\/label><div class='ginput_container ginput_container_email'>\n                            <input name='input_5' id='input_91_5' type='text' value='' class='medium' tabindex='6'   \/>\n                        <\/div><\/li><li id='field_91_6' class='gfield field_sublabel_below field_description_below gfield_visibility_visible' ><label class='gfield_label' for='input_91_6' >Titre(s) acad\u00e9mique(s)<\/label><div class='ginput_container ginput_container_text'><input name='input_6' id='input_91_6' type='text' value='' class='medium'  tabindex='7'    aria-invalid=\"false\" \/><\/div><\/li><li id='field_91_7' class='gfield gfield_contains_required field_sublabel_below field_description_below gfield_visibility_visible' ><label class='gfield_label' for='input_91_7' >Sp\u00e9cialit\u00e9<span class='gfield_required'>*<\/span><\/label><div class='ginput_container ginput_container_text'><input name='input_7' id='input_91_7' type='text' value='' class='medium'  tabindex='8'   aria-required=\"true\" aria-invalid=\"false\" \/><\/div><\/li><li id='field_91_8' class='gfield gfield_contains_required field_sublabel_below field_description_below gfield_visibility_visible' ><label class='gfield_label' for='input_91_8' >H\u00f4pital \/ Centre Acad\u00e9mique \/ Institution \/ Entreprise<span class='gfield_required'>*<\/span><\/label><div class='ginput_container ginput_container_text'><input name='input_8' id='input_91_8' type='text' value='' class='medium'  tabindex='9'   aria-required=\"true\" aria-invalid=\"false\" \/><\/div><\/li><li id='field_91_11' class='gfield gfield_contains_required field_sublabel_below field_description_below gfield_visibility_visible' ><label class='gfield_label' for='input_91_11' >Poste \/ Fonction<span class='gfield_required'>*<\/span><\/label><div class='ginput_container ginput_container_text'><input name='input_11' id='input_91_11' type='text' value='' class='medium'  tabindex='10'   aria-required=\"true\" aria-invalid=\"false\" \/><\/div><\/li><li id='field_91_10' class='gfield gfield_contains_required field_sublabel_below field_description_below gfield_visibility_visible' ><label class='gfield_label' for='input_91_10' >Adresse de contact<span class='gfield_required'>*<\/span><\/label><div class='ginput_container ginput_container_textarea'><textarea name='input_10' id='input_91_10' class='textarea medium' tabindex='11'   aria-required=\"true\" aria-invalid=\"false\"   rows='10' cols='50'><\/textarea><\/div><\/li><li id='field_91_12' class='gfield gfield_contains_required field_sublabel_below field_description_below gfield_visibility_visible' ><label class='gfield_label' for='input_91_12' >T\u00e9l\u00e9phone mobile<span class='gfield_required'>*<\/span><\/label><div class='ginput_container ginput_container_phone'><input name='input_12' id='input_91_12' type='text' value='' class='medium' tabindex='12'   aria-required=\"true\" aria-invalid=\"false\" \/><\/div><\/li><li id='field_91_14' class='gfield gfield_contains_required field_sublabel_below field_description_below gfield_visibility_visible' ><label class='gfield_label'  >Votre cadre de travail (veuillez cocher ce qui la d\u00e9crit le mieux)<span class='gfield_required'>*<\/span><\/label><div class='ginput_container ginput_container_radio'><ul class='gfield_radio' id='input_91_14'><li class='gchoice_91_14_0'><input name='input_14' type='radio' value='Dans une universit\u00e9 ou affili\u00e9 \u00e0 une universit\u00e9'  id='choice_91_14_0' tabindex='13'  onclick='gf_apply_rules(91,[20]);' onkeypress='gf_apply_rules(91,[20]);'  \/><label for='choice_91_14_0' id='label_91_14_0'>Dans une universit\u00e9 ou affili\u00e9 \u00e0 une universit\u00e9<\/label><\/li><li class='gchoice_91_14_1'><input name='input_14' type='radio' value='Gouvernement'  id='choice_91_14_1' tabindex='14'  onclick='gf_apply_rules(91,[20]);' onkeypress='gf_apply_rules(91,[20]);'  \/><label for='choice_91_14_1' id='label_91_14_1'>Gouvernement<\/label><\/li><li class='gchoice_91_14_2'><input name='input_14' type='radio' value='Organisation d\u2019\u00e9valuation des technologies de la sant\u00e9 (ETS) ou similaire'  id='choice_91_14_2' tabindex='15'  onclick='gf_apply_rules(91,[20]);' onkeypress='gf_apply_rules(91,[20]);'  \/><label for='choice_91_14_2' id='label_91_14_2'>Organisation d\u2019\u00e9valuation des technologies de la sant\u00e9 (ETS) ou similaire<\/label><\/li><li class='gchoice_91_14_3'><input name='input_14' type='radio' value='Pharmacie hospitali\u00e8re'  id='choice_91_14_3' tabindex='16'  onclick='gf_apply_rules(91,[20]);' onkeypress='gf_apply_rules(91,[20]);'  \/><label for='choice_91_14_3' id='label_91_14_3'>Pharmacie hospitali\u00e8re<\/label><\/li><li class='gchoice_91_14_4'><input name='input_14' type='radio' value='Autre'  id='choice_91_14_4' tabindex='17'  onclick='gf_apply_rules(91,[20]);' onkeypress='gf_apply_rules(91,[20]);'  \/><label for='choice_91_14_4' id='label_91_14_4'>Autre<\/label><\/li><\/ul><\/div><\/li><li id='field_91_20' class='gfield field_sublabel_below field_description_below gfield_visibility_visible' ><label class='gfield_label' for='input_91_20' >Si autre, merci de pr\u00e9ciser<\/label><div class='ginput_container ginput_container_textarea'><textarea name='input_20' id='input_91_20' class='textarea small' tabindex='18'    aria-invalid=\"false\"   rows='10' cols='50'><\/textarea><\/div><\/li><li id='field_91_15' class='gfield field_sublabel_below field_description_below gfield_visibility_visible' ><label class='gfield_label' for='input_91_15' >D&#039;autres commentaires sur vos activit\u00e9s\/carri\u00e8re professionnelles actuelles et futures (facultatif)<\/label><div class='ginput_container ginput_container_textarea'><textarea name='input_15' id='input_91_15' class='textarea medium' tabindex='19'    aria-invalid=\"false\"   rows='10' cols='50'><\/textarea><\/div><\/li><li id='field_91_16' class='gfield gfield_contains_required field_sublabel_below field_description_below gfield_visibility_visible' ><label class='gfield_label'  >Avez-vous d\u00e9j\u00e0 particip\u00e9 \u00e0 une formation VSCR ou SFU?<span class='gfield_required'>*<\/span><\/label><div class='ginput_container ginput_container_radio'><ul class='gfield_radio' id='input_91_16'><li class='gchoice_91_16_0'><input name='input_16' type='radio' value='Oui'  id='choice_91_16_0' tabindex='20'  onclick='gf_apply_rules(91,[17]);' onkeypress='gf_apply_rules(91,[17]);'  \/><label for='choice_91_16_0' id='label_91_16_0'>Oui<\/label><\/li><li class='gchoice_91_16_1'><input name='input_16' type='radio' value='Non'  id='choice_91_16_1' tabindex='21'  onclick='gf_apply_rules(91,[17]);' onkeypress='gf_apply_rules(91,[17]);'  \/><label for='choice_91_16_1' id='label_91_16_1'>Non<\/label><\/li><\/ul><\/div><\/li><li id='field_91_17' class='gfield field_sublabel_below field_description_below gfield_visibility_visible' ><label class='gfield_label' for='input_91_17' >Si oui, veuillez pr\u00e9ciser dans lequel et quand<\/label><div class='ginput_container ginput_container_textarea'><textarea name='input_17' id='input_91_17' class='textarea medium' tabindex='22'    aria-invalid=\"false\"   rows='10' cols='50'><\/textarea><\/div><\/li><li id='field_91_19' class='gfield gfield_contains_required field_sublabel_below field_description_below gfield_visibility_visible' ><label class='gfield_label'  >D\u00e9claration - Protection des donn\u00e9es<span class='gfield_required'>*<\/span><\/label><div class='ginput_container ginput_container_checkbox'><ul class='gfield_checkbox' id='input_91_19'><li class='gchoice_91_19_1'>\n\t\t\t\t\t\t\t\t<input name='input_19.1' type='checkbox'  value='Oui, j&#039;accepte que les donn\u00e9es personnelles que j&#039;ai fournies ci-dessus soient trait\u00e9es \u00e0 des fins organisationnelles et administratives. J&#039;accepte \u00e9galement que mon nom et mon adresse soient communiqu\u00e9s aux autres \u00e9tudiants, au personnel enseignant et aux personnes responsables des services acad\u00e9miques. J&#039;accepte que mon nom et les photographies dans lesquelles j&#039;apparaisse puissent \u00eatre utilis\u00e9s pour les activit\u00e9s de marketing de VSCR-SFU. Je peux \u00e0 tout moment retirer ce consentement en avisant par \u00e9crit le directeur du programme. Si j&#039;adh\u00e8re, je m&#039;engage \u00e0 suivre le cours pendant le temps d\u00e9di\u00e9 (mensuel) et \u00e0 r\u00e9aliser les exercices afin d&#039;obtenir un certificat.&lt;br \/&gt;Lors de la soumission du formulaire de candidature, j&#039;accepte que le formulaire de candidature devienne contraignant. En soumettant ce formulaire, je confirme l&#039;exactitude et l&#039;exhaustivit\u00e9 de mes d\u00e9clarations.'  id='choice_91_19_1' tabindex='23'  \/>\n\t\t\t\t\t\t\t\t<label for='choice_91_19_1' id='label_91_19_1'>Oui, j'accepte que les donn\u00e9es personnelles que j'ai fournies ci-dessus soient trait\u00e9es \u00e0 des fins organisationnelles et administratives. J'accepte \u00e9galement que mon nom et mon adresse soient communiqu\u00e9s aux autres \u00e9tudiants, au personnel enseignant et aux personnes responsables des services acad\u00e9miques. J'accepte que mon nom et les photographies dans lesquelles j'apparaisse puissent \u00eatre utilis\u00e9s pour les activit\u00e9s de marketing de VSCR-SFU. Je peux \u00e0 tout moment retirer ce consentement en avisant par \u00e9crit le directeur du programme. Si j'adh\u00e8re, je m'engage \u00e0 suivre le cours pendant le temps d\u00e9di\u00e9 (mensuel) et \u00e0 r\u00e9aliser les exercices afin d'obtenir un certificat.<br \/>Lors de la soumission du formulaire de candidature, j'accepte que le formulaire de candidature devienne contraignant. En soumettant ce formulaire, je confirme l'exactitude et l'exhaustivit\u00e9 de mes d\u00e9clarations.<\/label>\n\t\t\t\t\t\t\t<\/li><\/ul><\/div><\/li><li id='field_91_21' class='gfield gform_validation_container field_sublabel_below field_description_below gfield_visibility_' ><label class='gfield_label' for='input_91_21' >Email<\/label><div class='ginput_container'><input name='input_21' id='input_91_21' type='text' value='' \/><\/div><div class='gfield_description'>This field is for validation purposes and should be left unchanged.<\/div><\/li>\n                            <\/ul><\/div>\n        <div class='gform_footer left_label'> <input type='submit' id='gform_submit_button_91' class='gform_button button' value='Registre' tabindex='24' onclick='if(window[\"gf_submitting_91\"]){return false;}  window[\"gf_submitting_91\"]=true;  ' onkeypress='if( event.keyCode == 13 ){ if(window[\"gf_submitting_91\"]){return false;} window[\"gf_submitting_91\"]=true;  jQuery(\"#gform_91\").trigger(\"submit\",[true]); }' \/> \n            <input type='hidden' class='gform_hidden' name='is_submit_91' value='1' \/>\n            <input type='hidden' class='gform_hidden' name='gform_submit' value='91' \/>\n            \n            <input type='hidden' class='gform_hidden' name='gform_unique_id' value='' \/>\n            <input type='hidden' class='gform_hidden' name='state_91' value='WyJbXSIsIjhhYmEyYzFlOTUyNjRmMmMyMmY5OGVlMTA4YjY4MGIwIl0=' \/>\n            <input type='hidden' class='gform_hidden' name='gform_target_page_number_91' id='gform_target_page_number_91' value='0' \/>\n            <input type='hidden' class='gform_hidden' name='gform_source_page_number_91' id='gform_source_page_number_91' value='1' \/>\n            <input type='hidden' name='gform_field_values' value='' \/>\n            \n        <\/div>\n                        <\/form>\n                        <\/div><script type='text\/javascript'> if(typeof gf_global == 'undefined') var gf_global = {\"gf_currency_config\":{\"name\":\"Euro\",\"symbol_left\":\"\",\"symbol_right\":\"&#8364;\",\"symbol_padding\":\" \",\"thousand_separator\":\".\",\"decimal_separator\":\",\",\"decimals\":2},\"base_url\":\"https:\\\/\\\/vscr.at\\\/wp-content\\\/plugins\\\/gravityforms\",\"number_formats\":[],\"spinnerUrl\":\"https:\\\/\\\/vscr.at\\\/wp-content\\\/plugins\\\/gravityforms\\\/images\\\/spinner.gif\"};jQuery(document).bind('gform_post_render', function(event, formId, currentPage){if(formId == 91) {gf_global[\"number_formats\"][91] = {\"13\":{\"price\":false,\"value\":false},\"1\":{\"price\":false,\"value\":false},\"2\":{\"price\":false,\"value\":false},\"4\":{\"price\":false,\"value\":false},\"5\":{\"price\":false,\"value\":false},\"6\":{\"price\":false,\"value\":false},\"7\":{\"price\":false,\"value\":false},\"8\":{\"price\":false,\"value\":false},\"11\":{\"price\":false,\"value\":false},\"10\":{\"price\":false,\"value\":false},\"12\":{\"price\":false,\"value\":false},\"14\":{\"price\":false,\"value\":false},\"20\":{\"price\":false,\"value\":false},\"15\":{\"price\":false,\"value\":false},\"16\":{\"price\":false,\"value\":false},\"17\":{\"price\":false,\"value\":false},\"19\":{\"price\":false,\"value\":false},\"21\":{\"price\":false,\"value\":false}};if(window['jQuery']){if(!window['gf_form_conditional_logic'])window['gf_form_conditional_logic'] = new Array();window['gf_form_conditional_logic'][91] = { logic: { 20: {\"field\":{\"actionType\":\"show\",\"logicType\":\"all\",\"rules\":[{\"fieldId\":\"14\",\"operator\":\"is\",\"value\":\"Autre\"}]},\"nextButton\":null,\"section\":null},17: {\"field\":{\"actionType\":\"show\",\"logicType\":\"all\",\"rules\":[{\"fieldId\":\"16\",\"operator\":\"is\",\"value\":\"Oui\"}]},\"nextButton\":null,\"section\":null} }, dependents: { 20: [20],17: [17] }, animation: 0, defaults: [], fields: {\"13\":[],\"1\":[],\"2\":[],\"4\":[],\"5\":[],\"6\":[],\"7\":[],\"8\":[],\"11\":[],\"10\":[],\"12\":[],\"14\":[20],\"20\":[],\"15\":[],\"16\":[17],\"17\":[],\"19\":[],\"21\":[]} }; if(!window['gf_number_format'])window['gf_number_format'] = 'decimal_dot';jQuery(document).ready(function(){gf_apply_rules(91, [20,17], true);jQuery('#gform_wrapper_91').show();jQuery(document).trigger('gform_post_conditional_logic', [91, null, true]);} );} } } );jQuery(document).bind('gform_post_conditional_logic', function(event, formId, fields, isInit){} );<\/script><script type='text\/javascript'> jQuery(document).ready(function(){jQuery(document).trigger('gform_post_render', [91, 1]) } ); <\/script>\n","protected":false},"excerpt":{"rendered":"<p>Programme de dipl\u00f4me VSCR en \u00e9conomie de la sant\u00e9e et recherche de resultats en sant\u00e9 (\u201eHEOR\u201c) pour l\u2019Afrique subsaharienne Professeur: Lieven Annemans, Universit\u00e9 de Gand, Belgique Plateforme: ZOOM (Le lien sera fourni une semaine avant la formation) Registration in english \u00bb<\/p>\n","protected":false},"author":6,"featured_media":0,"parent":2393,"menu_order":0,"comment_status":"closed","ping_status":"closed","template":"template-full-width.php","meta":{"_acf_changed":false,"footnotes":""},"class_list":["post-4734","page","type-page","status-publish","hentry"],"acf":[],"_links":{"self":[{"href":"https:\/\/vscr.at\/en\/wp-json\/wp\/v2\/pages\/4734","targetHints":{"allow":["GET"]}}],"collection":[{"href":"https:\/\/vscr.at\/en\/wp-json\/wp\/v2\/pages"}],"about":[{"href":"https:\/\/vscr.at\/en\/wp-json\/wp\/v2\/types\/page"}],"author":[{"embeddable":true,"href":"https:\/\/vscr.at\/en\/wp-json\/wp\/v2\/users\/6"}],"replies":[{"embeddable":true,"href":"https:\/\/vscr.at\/en\/wp-json\/wp\/v2\/comments?post=4734"}],"version-history":[{"count":1,"href":"https:\/\/vscr.at\/en\/wp-json\/wp\/v2\/pages\/4734\/revisions"}],"predecessor-version":[{"id":4736,"href":"https:\/\/vscr.at\/en\/wp-json\/wp\/v2\/pages\/4734\/revisions\/4736"}],"up":[{"embeddable":true,"href":"https:\/\/vscr.at\/en\/wp-json\/wp\/v2\/pages\/2393"}],"wp:attachment":[{"href":"https:\/\/vscr.at\/en\/wp-json\/wp\/v2\/media?parent=4734"}],"curies":[{"name":"wp","href":"https:\/\/api.w.org\/{rel}","templated":true}]}}